{"id":28759,"date":"2025-10-17T08:32:48","date_gmt":"2025-10-17T08:32:48","guid":{"rendered":"https:\/\/welcomeworkdays.com\/?page_id=28759"},"modified":"2025-10-17T08:49:10","modified_gmt":"2025-10-17T08:49:10","slug":"legal","status":"publish","type":"page","link":"https:\/\/welcomeworkdays.com\/en\/legal\/","title":{"rendered":"Legal"},"content":{"rendered":"<div data-elementor-type=\"wp-page\" data-elementor-id=\"28759\" class=\"elementor elementor-28759\">\n\t\t\t\t<div class=\"elementor-element elementor-element-9b928b2 e-flex e-con-boxed e-con e-parent\" data-id=\"9b928b2\" data-element_type=\"container\" data-e-type=\"container\" data-settings=\"{&quot;background_background&quot;:&quot;classic&quot;}\">\n\t\t\t\t\t<div class=\"e-con-inner\">\n\t\t<div class=\"elementor-element elementor-element-b6297bb e-con-full e-flex e-con e-child\" data-id=\"b6297bb\" data-element_type=\"container\" data-e-type=\"container\">\n\t\t\t\t<div class=\"elementor-element elementor-element-e2a2ed9 animated-fast elementor-invisible elementor-widget elementor-widget-elementskit-heading\" data-id=\"e2a2ed9\" data-element_type=\"widget\" data-e-type=\"widget\" data-settings=\"{&quot;ekit_we_effect_on&quot;:&quot;css&quot;,&quot;_animation&quot;:&quot;fadeIn&quot;,&quot;_animation_delay&quot;:100}\" data-widget_type=\"elementskit-heading.default\">\n\t\t\t\t<div class=\"elementor-widget-container\">\n\t\t\t\t\t<div class=\"ekit-wid-con\" ><div class=\"ekit-heading elementskit-section-title-wraper text_left   ekit_heading_tablet-   ekit_heading_mobile-\"><h1 class=\"ekit-heading--title elementskit-section-title\">Legal<\/h1>\t\t\t\t<div class='ekit-heading__description'>\n\t\t\t\t\t<p>Last updated: 11<span style=\"font-weight: 400\">.02.2025<\/span><\/p>\n\t\t\t\t<\/div>\n\t\t\t<\/div><\/div>\t\t\t\t<\/div>\n\t\t\t\t<\/div>\n\t\t\t\t<\/div>\n\t\t\t\t\t<\/div>\n\t\t\t\t<\/div>\n\t\t<div class=\"elementor-element elementor-element-f14bae0 e-flex e-con-boxed e-con e-parent\" data-id=\"f14bae0\" data-element_type=\"container\" data-e-type=\"container\" data-settings=\"{&quot;animation&quot;:&quot;none&quot;,&quot;background_background&quot;:&quot;classic&quot;}\">\n\t\t\t\t\t<div class=\"e-con-inner\">\n\t\t<div class=\"elementor-element elementor-element-69bae00 e-con-full e-flex e-con e-child\" data-id=\"69bae00\" data-element_type=\"container\" data-e-type=\"container\" data-settings=\"{&quot;background_background&quot;:&quot;classic&quot;}\">\n\t\t<div class=\"elementor-element elementor-element-74ebfa5 e-con-full e-flex e-con e-child\" data-id=\"74ebfa5\" data-element_type=\"container\" data-e-type=\"container\">\n\t\t<div class=\"elementor-element elementor-element-f2e101d e-con-full e-flex e-con e-child\" data-id=\"f2e101d\" data-element_type=\"container\" data-e-type=\"container\">\n\t\t\t\t<div class=\"elementor-element elementor-element-ecc2fad animated-fast elementor-invisible elementor-widget elementor-widget-elementskit-heading\" data-id=\"ecc2fad\" data-element_type=\"widget\" data-e-type=\"widget\" data-settings=\"{&quot;_animation&quot;:&quot;fadeIn&quot;,&quot;ekit_we_effect_on&quot;:&quot;css&quot;,&quot;_animation_delay&quot;:100}\" data-widget_type=\"elementskit-heading.default\">\n\t\t\t\t<div class=\"elementor-widget-container\">\n\t\t\t\t\t<div class=\"ekit-wid-con\" ><div class=\"ekit-heading elementskit-section-title-wraper text_center   ekit_heading_tablet-   ekit_heading_mobile-\"><h2 class=\"ekit-heading--title elementskit-section-title\">Everything you need to know about <span><span>our legal framework<\/span><\/span><\/h2>\t\t\t\t<div class='ekit-heading__description'>\n\t\t\t\t\t<p>Here you will find our legal agreements and terms of use for our services.<\/p>\n\t\t\t\t<\/div>\n\t\t\t<\/div><\/div>\t\t\t\t<\/div>\n\t\t\t\t<\/div>\n\t\t\t\t<\/div>\n\t\t\t\t<\/div>\n\t\t<div class=\"elementor-element elementor-element-0b7a342 e-con-full e-flex e-con e-child\" data-id=\"0b7a342\" data-element_type=\"container\" data-e-type=\"container\">\n\t\t<div class=\"elementor-element elementor-element-36b4f1a e-con-full e-flex e-con e-child\" data-id=\"36b4f1a\" data-element_type=\"container\" data-e-type=\"container\">\n\t\t\t\t<div class=\"elementor-element elementor-element-9f31114 animated-fast elementor-invisible elementor-widget elementor-widget-elementskit-accordion\" data-id=\"9f31114\" data-element_type=\"widget\" data-e-type=\"widget\" data-settings=\"{&quot;_animation&quot;:&quot;fadeInUp&quot;,&quot;_animation_delay&quot;:200,&quot;ekit_we_effect_on&quot;:&quot;none&quot;}\" data-widget_type=\"elementskit-accordion.default\">\n\t\t\t\t<div class=\"elementor-widget-container\">\n\t\t\t\t\t<div class=\"ekit-wid-con\" >\n        <div class=\"elementskit-accordion accoedion-primary\" id=\"accordion-69f144b6b2839\">\n\n            \n                <div class=\"elementskit-card\">\n                    <div class=\"elementskit-card-header\" id=\"primaryHeading-0-9f31114\">\n                        <a href=\"#collapse-3dad4e069f144b6b2839\" class=\"ekit-accordion--toggler elementskit-btn-link collapsed\" data-ekit-toggle=\"collapse\" data-target=\"#Collapse-3dad4e069f144b6b2839\" aria-expanded=\"false\" aria-controls=\"Collapse-3dad4e069f144b6b2839\">\n                            \n                            <span class=\"ekit-accordion-title\">Terms of Service<\/span>\n\n                            \n                                <div class=\"ekit_accordion_icon_group\">\n                                    <div class=\"ekit_accordion_normal_icon\">\n                                        <!-- Normal Icon -->\n\t\t\t\t\t\t\t\t\t\t<i class=\"icon icon-down-arrow1\"><\/i>                                    <\/div>\n\n                                    <div class=\"ekit_accordion_active_icon\">\n                                        <!-- Active Icon -->\n\t\t\t\t\t\t\t\t\t\t<i class=\"icon icon-up-arrow1\"><\/i>                                    <\/div>\n                                <\/div>\n\n                            \n                                                    <\/a>\n                    <\/div>\n\n                    <div id=\"Collapse-3dad4e069f144b6b2839\" class=\"collapse\" aria-labelledby=\"primaryHeading-0-9f31114\" data-parent=\"#accordion-69f144b6b2839\">\n\n                        <div class=\"elementskit-card-body ekit-accordion--content\">\n                            <p><span style=\"font-weight: 400\">This document governs the rights and obligations you as a customer and we as a supplier have when using the \"Service\" of Welcome Workdays. The document is a conscious effort to make all rights and obligations simple to understand \u2014 for customers, users, and suppliers alike.<\/span><\/p><p><span style=\"font-weight: 400\">This document governs the contractual relationship between you as a customer and us as a supplier.<\/span><\/p><p><a href=\"https:\/\/docs.google.com\/document\/d\/19ftUjClN-Mu9Erx-X2fb34n7lvyT1XuOAfhhTlW96tI\/edit?tab=t.0#heading=h.c6qvxiuzquna\" target=\"_blank\" rel=\"noopener\">Read the full document here<\/a>.<\/p>                        <\/div>\n\n                    <\/div>\n\n                <\/div><!-- .elementskit-card END -->\n\n                \n                <div class=\"elementskit-card\">\n                    <div class=\"elementskit-card-header\" id=\"primaryHeading-1-9f31114\">\n                        <a href=\"#collapse-bc2283069f144b6b2839\" class=\"ekit-accordion--toggler elementskit-btn-link collapsed\" data-ekit-toggle=\"collapse\" data-target=\"#Collapse-bc2283069f144b6b2839\" aria-expanded=\"false\" aria-controls=\"Collapse-bc2283069f144b6b2839\">\n                            \n                            <span class=\"ekit-accordion-title\">Terms for Consulting Services<\/span>\n\n                            \n                                <div class=\"ekit_accordion_icon_group\">\n                                    <div class=\"ekit_accordion_normal_icon\">\n                                        <!-- Normal Icon -->\n\t\t\t\t\t\t\t\t\t\t<i class=\"icon icon-down-arrow1\"><\/i>                                    <\/div>\n\n                                    <div class=\"ekit_accordion_active_icon\">\n                                        <!-- Active Icon -->\n\t\t\t\t\t\t\t\t\t\t<i class=\"icon icon-up-arrow1\"><\/i>                                    <\/div>\n                                <\/div>\n\n                            \n                                                    <\/a>\n                    <\/div>\n\n                    <div id=\"Collapse-bc2283069f144b6b2839\" class=\"collapse\" aria-labelledby=\"primaryHeading-1-9f31114\" data-parent=\"#accordion-69f144b6b2839\">\n\n                        <div class=\"elementskit-card-body ekit-accordion--content\">\n                            <p><span style=\"font-weight: 400\">The following Terms for Consulting Services (VK) govern situations where the Customer engages Welcome Workdays AS (Welcome Workdays) to perform consulting services in connection with, or the customer's use of, ancillary systems provided by third-party suppliers, with associated modules and fully or partially integrated additional services. The consulting services may, for example, consist of installation and\/or setup of systems, performance of custom adaptations, or integration with other systems (the Service)<\/span><\/p><p><a href=\"https:\/\/docs.google.com\/document\/d\/1eyA0Rl47OMStDcxYByic1M3lAJONIsyrBcpZ-4T7eGc\/edit?tab=t.0#heading=h.c6qvxiuzquna\" target=\"_blank\" rel=\"noopener\">Read the full document here.<\/a><\/p>                        <\/div>\n\n                    <\/div>\n\n                <\/div><!-- .elementskit-card END -->\n\n                \n                <div class=\"elementskit-card\">\n                    <div class=\"elementskit-card-header\" id=\"primaryHeading-2-9f31114\">\n                        <a href=\"#collapse-8417e7169f144b6b2839\" class=\"ekit-accordion--toggler elementskit-btn-link collapsed\" data-ekit-toggle=\"collapse\" data-target=\"#Collapse-8417e7169f144b6b2839\" aria-expanded=\"false\" aria-controls=\"Collapse-8417e7169f144b6b2839\">\n                            \n                            <span class=\"ekit-accordion-title\">Data Processing Agreement<\/span>\n\n                            \n                                <div class=\"ekit_accordion_icon_group\">\n                                    <div class=\"ekit_accordion_normal_icon\">\n                                        <!-- Normal Icon -->\n\t\t\t\t\t\t\t\t\t\t<i class=\"icon icon-down-arrow1\"><\/i>                                    <\/div>\n\n                                    <div class=\"ekit_accordion_active_icon\">\n                                        <!-- Active Icon -->\n\t\t\t\t\t\t\t\t\t\t<i class=\"icon icon-up-arrow1\"><\/i>                                    <\/div>\n                                <\/div>\n\n                            \n                                                    <\/a>\n                    <\/div>\n\n                    <div id=\"Collapse-8417e7169f144b6b2839\" class=\"collapse\" aria-labelledby=\"primaryHeading-2-9f31114\" data-parent=\"#accordion-69f144b6b2839\">\n\n                        <div class=\"elementskit-card-body ekit-accordion--content\">\n                            <p>Denne avtalen regulerer hvordan <strong>Welcome Workdays<\/strong> This agreement governs how Welcome Workdays (data controller) and the external party (data processor) collaborate on the processing of personal data on behalf of the responsible party. The agreement describes what types of data may be processed, how they are to be secured, allocation of responsibilities, rights and obligations, as well as requirements for confidentiality, the data processor's security measures, and how data is to be deleted or returned when the assignment concludes.<\/p><p><a href=\"https:\/\/docs.google.com\/document\/d\/1bDcISGzuhyux7wqJa3h6LsvLr2CoU3a2Urhtn2Dfdzk\/edit?usp=sharing\" target=\"_blank\" rel=\"noopener\">Read the full document here.<\/a><\/p>                        <\/div>\n\n                    <\/div>\n\n                <\/div><!-- .elementskit-card END -->\n\n                                        <\/div>\n    <\/div>\t\t\t\t<\/div>\n\t\t\t\t<\/div>\n\t\t\t\t<\/div>\n\t\t\t\t<\/div>\n\t\t\t\t<\/div>\n\t\t\t\t\t<\/div>\n\t\t\t\t<\/div>\n\t\t\t\t<\/div>","protected":false},"excerpt":{"rendered":"<p>Legal Last updated: 11.02.2025 Alt du trenger \u00e5 vite om v\u00e5re juridiske rammer Her finner du v\u00e5re juridiske avtaler og vilk\u00e5r for bruk av tjenestene v\u00e5re. Tjenesteavtalen Dette dokumentet regulerer plikter og rettigheter du som kunde og vi som leverand\u00f8r har ved bruk av \u201cTjenesten\u201d til Welcome Workdays. Dokumentet er et bevisst fors\u00f8kt p\u00e5 \u00e5 [&hellip;]<\/p>\n","protected":false},"author":1,"featured_media":0,"parent":0,"menu_order":0,"comment_status":"closed","ping_status":"closed","template":"","meta":{"_acf_changed":false,"footnotes":""},"class_list":["post-28759","page","type-page","status-publish","hentry"],"acf":[],"_links":{"self":[{"href":"https:\/\/welcomeworkdays.com\/en\/wp-json\/wp\/v2\/pages\/28759","targetHints":{"allow":["GET"]}}],"collection":[{"href":"https:\/\/welcomeworkdays.com\/en\/wp-json\/wp\/v2\/pages"}],"about":[{"href":"https:\/\/welcomeworkdays.com\/en\/wp-json\/wp\/v2\/types\/page"}],"author":[{"embeddable":true,"href":"https:\/\/welcomeworkdays.com\/en\/wp-json\/wp\/v2\/users\/1"}],"replies":[{"embeddable":true,"href":"https:\/\/welcomeworkdays.com\/en\/wp-json\/wp\/v2\/comments?post=28759"}],"version-history":[{"count":5,"href":"https:\/\/welcomeworkdays.com\/en\/wp-json\/wp\/v2\/pages\/28759\/revisions"}],"predecessor-version":[{"id":28786,"href":"https:\/\/welcomeworkdays.com\/en\/wp-json\/wp\/v2\/pages\/28759\/revisions\/28786"}],"wp:attachment":[{"href":"https:\/\/welcomeworkdays.com\/en\/wp-json\/wp\/v2\/media?parent=28759"}],"curies":[{"name":"wp","href":"https:\/\/api.w.org\/{rel}","templated":true}]}}