{"id":27523,"date":"2025-09-16T19:18:18","date_gmt":"2025-09-16T19:18:18","guid":{"rendered":"https:\/\/welcomeworkdays.com\/?page_id=27523"},"modified":"2025-09-22T08:36:37","modified_gmt":"2025-09-22T08:36:37","slug":"blog","status":"publish","type":"page","link":"https:\/\/welcomeworkdays.com\/en\/blog\/","title":{"rendered":"Blog"},"content":{"rendered":"\t\t<div data-elementor-type=\"wp-page\" data-elementor-id=\"27523\" class=\"elementor elementor-27523\">\n\t\t\t\t<div class=\"elementor-element elementor-element-0282d93 e-flex e-con-boxed e-con e-parent\" data-id=\"0282d93\" data-element_type=\"container\" data-e-type=\"container\">\n\t\t\t\t\t<div class=\"e-con-inner\">\n\t\t<div class=\"elementor-element elementor-element-5a7ef11 e-con-full e-flex e-con e-child\" data-id=\"5a7ef11\" data-element_type=\"container\" data-e-type=\"container\">\n\t\t<div class=\"elementor-element elementor-element-87eecfb e-con-full e-flex e-con e-child\" data-id=\"87eecfb\" data-element_type=\"container\" data-e-type=\"container\">\n\t\t\t\t<div class=\"elementor-element elementor-element-43966d2 elementor-invisible elementor-widget elementor-widget-elementskit-heading\" data-id=\"43966d2\" data-element_type=\"widget\" data-e-type=\"widget\" data-settings=\"{&quot;ekit_we_effect_on&quot;:&quot;css&quot;,&quot;_animation&quot;:&quot;fadeIn&quot;,&quot;_animation_delay&quot;:200}\" data-widget_type=\"elementskit-heading.default\">\n\t\t\t\t<div class=\"elementor-widget-container\">\n\t\t\t\t\t<div class=\"ekit-wid-con\" ><div class=\"ekit-heading elementskit-section-title-wraper text_center   ekit_heading_tablet-   ekit_heading_mobile-\"><h1 class=\"ekit-heading--title elementskit-section-title \">Blogg om teknologi, tjenester og <span><span>smarte kontorl\u00f8sninger<\/span><\/span><\/h1>\t\t\t\t<div class='ekit-heading__description'>\n\t\t\t\t\t<p>Vi ser n\u00e6rmere p\u00e5 hvordan digitale l\u00f8sninger innen adgang, kommunikasjon og drift kan forbedre livet for leietakere, g\u00e5rdeiere og kontorbrukere.<\/p>\n\t\t\t\t<\/div>\n\t\t\t<\/div><\/div>\t\t\t\t<\/div>\n\t\t\t\t<\/div>\n\t\t\t\t<\/div>\n\t\t\t\t<\/div>\n\t\t\t\t\t<\/div>\n\t\t\t\t<\/div>\n\t\t<div class=\"elementor-element elementor-element-98a83bc e-flex e-con-boxed e-con e-parent\" data-id=\"98a83bc\" data-element_type=\"container\" data-e-type=\"container\">\n\t\t\t\t\t<div class=\"e-con-inner\">\n\t\t<div class=\"elementor-element elementor-element-da70eef e-con-full e-flex e-con e-child\" data-id=\"da70eef\" data-element_type=\"container\" data-e-type=\"container\">\n\t\t<div class=\"elementor-element elementor-element-d4e91e5 e-con-full e-flex e-con e-child\" data-id=\"d4e91e5\" data-element_type=\"container\" data-e-type=\"container\">\n\t\t\t\t<div class=\"elementor-element elementor-element-177d2b3 elementor-widget elementor-widget-elementskit-blog-posts\" data-id=\"177d2b3\" data-element_type=\"widget\" data-e-type=\"widget\" data-settings=\"{&quot;ekit_we_effect_on&quot;:&quot;none&quot;}\" data-widget_type=\"elementskit-blog-posts.default\">\n\t\t\t\t<div class=\"elementor-widget-container\">\n\t\t\t\t\t<div class=\"ekit-wid-con\" >\n        <div id=\"post-items--177d2b3\" class=\"row post-items ekit-blog-posts-content wihout-masonry \" data-enable=\"no\">\n\n\t\t\t<!-- Blog Carousel markup render -->\n\t\t\t\n\n            <div class=\"col-md-12\">\n\n                                    <div class=\"elementskit-blog-block-post\">\n                        <div class=\"row no-gutters\">\n                            \n                            <div class=\"col-md-12 order-2\">\n                                <div class=\"elementskit-post-body \">\n                                    <div class=\"elementskit-entry-header\">\n                                        \n                                                                                                                                                                        \n                                            \n                                            \t\t\t\t\t\t\t\t\t\t\t\t                <h2 class=\"entry-title\">\n                    <a href=\"https:\/\/welcomeworkdays.com\/en\/vi-soker-var-forste-head-of-commercial\/\">\n                            Vi s\u00f8ker v\u00e5r f\u00f8rste Head of Commercial                    <\/a>\n                <\/h2>\n                                                                                                <\/div><!-- .elementskit-entry-header END -->\n\n                                                                            <div class=\"elementskit-post-footer\">\n                                            \t\t\t\t\t\t\t\t\t\t\t\t<p>Welcome Workdays er proptech-selskapet bak Norges mest ambisi\u00f8se plattform for kontorbygg \u2014 og n\u00e5 er vi klare for \u00e5 akselerere. Vi har bygget noe som fungerer. Et stort antall av Norges st\u00f8rste og mest komplekse kontorbygg kj\u00f8rer i dag p\u00e5 Welcome: digital identitet, adgangskontroll, bes\u00f8ksh\u00e5ndtering, bookingsystem, kantinebetaling og kommunikasjon \u2014 samlet i \u00e9n plattform, med [&hellip;]<\/p>\n                                                                                                                                <\/div><!-- .elementskit-post-footer END -->\n                                                                    <\/div><!-- .elementskit-post-body END -->\n                            <\/div>\n                        <\/div>\n                    <\/div><!-- .elementskit-blog-block-post .radius .gradient-bg END -->\n                \n            <\/div>\t\t\t\t\n\n            <div class=\"col-md-12\">\n\n                                    <div class=\"elementskit-blog-block-post\">\n                        <div class=\"row no-gutters\">\n                                                            <div class=\"col-md-6 order-1\">\n                                    <a href=\"https:\/\/welcomeworkdays.com\/en\/hva-er-egentlig-forskjellen-pa-blatann-og-nfc-for-a-apne-en-dor-i-kontorbygg\/\" class=\"elementskit-entry-thumb\">\n                                        <img decoding=\"async\" data-src=\"https:\/\/b4011681.smushcdn.com\/4011681\/wp-content\/uploads\/2025\/09\/IMG_5613-1024x768.jpg?lossy=2&strip=1&webp=1\" alt=\"Hva er egentlig forskjellen p\u00e5 Bl\u00e5tann og NFC for \u00e5 \u00e5pne en d\u00f8r i kontorbygg?\" width=\"1024\" class=\"smush-dimensions lazyload\" style=\"--smush-image-width: 1024px; --smush-image-aspect-ratio: 1024\/768;\" data-srcset=\"https:\/\/b4011681.smushcdn.com\/4011681\/wp-content\/uploads\/2025\/09\/IMG_5613-1024x768.jpg?lossy=2&amp;strip=1&amp;webp=1 1024w, https:\/\/b4011681.smushcdn.com\/4011681\/wp-content\/uploads\/2025\/09\/IMG_5613-300x225.jpg?lossy=2&amp;strip=1&amp;webp=1 300w, https:\/\/b4011681.smushcdn.com\/4011681\/wp-content\/uploads\/2025\/09\/IMG_5613-768x576.jpg?lossy=2&amp;strip=1&amp;webp=1 768w, https:\/\/b4011681.smushcdn.com\/4011681\/wp-content\/uploads\/2025\/09\/IMG_5613-1536x1152.jpg?lossy=2&amp;strip=1&amp;webp=1 1536w, https:\/\/b4011681.smushcdn.com\/4011681\/wp-content\/uploads\/2025\/09\/IMG_5613-2048x1536.jpg?lossy=2&amp;strip=1&amp;webp=1 2048w, https:\/\/b4011681.smushcdn.com\/4011681\/wp-content\/uploads\/2025\/09\/IMG_5613-16x12.jpg?lossy=2&amp;strip=1&amp;webp=1 16w, https:\/\/b4011681.smushcdn.com\/4011681\/wp-content\/uploads\/2025\/09\/IMG_5613-710x533.jpg?lossy=2&amp;strip=1&amp;webp=1 710w, https:\/\/b4011681.smushcdn.com\/4011681\/wp-content\/uploads\/2025\/09\/IMG_5613-scaled.jpg?size=228x171&amp;lossy=2&amp;strip=1&amp;webp=1 228w, https:\/\/b4011681.smushcdn.com\/4011681\/wp-content\/uploads\/2025\/09\/IMG_5613-scaled.jpg?size=456x342&amp;lossy=2&amp;strip=1&amp;webp=1 456w, https:\/\/b4011681.smushcdn.com\/4011681\/wp-content\/uploads\/2025\/09\/IMG_5613-scaled.jpg?size=912x684&amp;lossy=2&amp;strip=1&amp;webp=1 912w\" data-sizes=\"auto\" src=\"data:image\/svg+xml;base64,PHN2ZyB3aWR0aD0iMSIgaGVpZ2h0PSIxIiB4bWxucz0iaHR0cDovL3d3dy53My5vcmcvMjAwMC9zdmciPjwvc3ZnPg==\" data-original-sizes=\"(max-width: 1024px) 100vw, 1024px\">\n                                    <\/a><!-- .elementskit-entry-thumb END -->\n                                <\/div>\n                            \n                            <div class=\"col-md-6 order-2\">\n                                <div class=\"elementskit-post-body \">\n                                    <div class=\"elementskit-entry-header\">\n                                        \n                                                                                                                                                                        \n                                            \n                                            \t\t\t\t\t\t\t\t\t\t\t\t                <h2 class=\"entry-title\">\n                    <a href=\"https:\/\/welcomeworkdays.com\/en\/hva-er-egentlig-forskjellen-pa-blatann-og-nfc-for-a-apne-en-dor-i-kontorbygg\/\">\n                            Hva er egentlig forskjellen p\u00e5 Bl\u00e5tann og NFC for \u00e5 \u00e5pne en d\u00f8r i kontorbygg?                    <\/a>\n                <\/h2>\n                                                                                                <\/div><!-- .elementskit-entry-header END -->\n\n                                                                            <div class=\"elementskit-post-footer\">\n                                            \t\t\t\t\t\t\t\t\t\t\t\t<p>Den smarte n\u00f8kkelen: Bluetooth, NFC eller internett? \u00c5pne d\u00f8rer er ikke lenger bare et sp\u00f8rsm\u00e5l om en fysisk n\u00f8kkel. Med den stadig \u00f8kende digitaliseringen har moderne adgangskontrollsystemer endret hvordan vi tenker om tilgang til arbeidsplassen. I dag kan vi bruke alt fra telefonen og klokken til spesielle kort for \u00e5 f\u00e5 tilgang. Men hvilken teknologi [&hellip;]<\/p>\n                                                                                                                                <\/div><!-- .elementskit-post-footer END -->\n                                                                    <\/div><!-- .elementskit-post-body END -->\n                            <\/div>\n                        <\/div>\n                    <\/div><!-- .elementskit-blog-block-post .radius .gradient-bg END -->\n                \n            <\/div>\t\t\t\t        <\/div>\n        \n        \n        <\/div>\t\t\t\t<\/div>\n\t\t\t\t<\/div>\n\t\t\t\t<\/div>\n\t\t\t\t<\/div>\n\t\t\t\t\t<\/div>\n\t\t\t\t<\/div>\n\t\t<div class=\"elementor-element elementor-element-ea68106 e-flex e-con-boxed e-con e-parent\" data-id=\"ea68106\" data-element_type=\"container\" data-e-type=\"container\">\n\t\t\t\t\t<div class=\"e-con-inner\">\n\t\t\t\t\t<\/div>\n\t\t\t\t<\/div>\n\t\t\t\t<\/div>\n\t\t","protected":false},"excerpt":{"rendered":"<p>Blogg om teknologi, tjenester og smarte kontorl\u00f8sninger Vi ser n\u00e6rmere p\u00e5 hvordan digitale l\u00f8sninger innen adgang, kommunikasjon og drift kan forbedre livet for leietakere, g\u00e5rdeiere og kontorbrukere. Hva er egentlig forskjellen p\u00e5 Bl\u00e5tann og NFC for \u00e5 \u00e5pne en d\u00f8r i kontorbygg? Den smarte n\u00f8kkelen: Bluetooth, NFC eller internett? \u00c5pne d\u00f8rer er ikke lenger bare [&hellip;] <\/p>\n","protected":false},"author":1,"featured_media":0,"parent":0,"menu_order":0,"comment_status":"closed","ping_status":"closed","template":"","meta":{"_acf_changed":false,"footnotes":""},"class_list":["post-27523","page","type-page","status-publish","hentry"],"acf":[],"_links":{"self":[{"href":"https:\/\/welcomeworkdays.com\/en\/wp-json\/wp\/v2\/pages\/27523","targetHints":{"allow":["GET"]}}],"collection":[{"href":"https:\/\/welcomeworkdays.com\/en\/wp-json\/wp\/v2\/pages"}],"about":[{"href":"https:\/\/welcomeworkdays.com\/en\/wp-json\/wp\/v2\/types\/page"}],"author":[{"embeddable":true,"href":"https:\/\/welcomeworkdays.com\/en\/wp-json\/wp\/v2\/users\/1"}],"replies":[{"embeddable":true,"href":"https:\/\/welcomeworkdays.com\/en\/wp-json\/wp\/v2\/comments?post=27523"}],"version-history":[{"count":6,"href":"https:\/\/welcomeworkdays.com\/en\/wp-json\/wp\/v2\/pages\/27523\/revisions"}],"predecessor-version":[{"id":32722,"href":"https:\/\/welcomeworkdays.com\/en\/wp-json\/wp\/v2\/pages\/27523\/revisions\/32722"}],"wp:attachment":[{"href":"https:\/\/welcomeworkdays.com\/en\/wp-json\/wp\/v2\/media?parent=27523"}],"curies":[{"name":"wp","href":"https:\/\/api.w.org\/{rel}","templated":true}]}}