{"id":22720,"date":"2025-05-13T12:49:41","date_gmt":"2025-05-13T12:49:41","guid":{"rendered":"https:\/\/welcomeworkdays.com\/?page_id=22720"},"modified":"2025-09-05T07:21:30","modified_gmt":"2025-09-05T07:21:30","slug":"terms-of-use","status":"publish","type":"page","link":"https:\/\/welcomeworkdays.com\/en\/terms-of-use\/","title":{"rendered":"Vilk\u00e5r for bruk"},"content":{"rendered":"<div style=\"max-width: 800px; margin: 40px auto; padding: 20px; line-height: 1.6; font-size: 16px;\">\n<h1><b>Terms of Use<\/b><\/h1>\n<p>Last updated: 19.08.2025<\/p>\n<p>Version 1.1<\/p>\n<h3>\u00a0<\/h3>\n<p><span style=\"font-weight: 400;\">These Terms form the basis of the agreement between the User and Welcome Workdays regarding the use of the Service. By using the service, the user agrees to be bound by these terms.<\/span><\/p>\n<h3><strong>1. <b>Definitions<\/b><\/strong><\/h3>\n<ul>\n<li style=\"font-weight: 400;\" aria-level=\"1\"><span style=\"font-weight: 400;\">\"Service\" refers to the Tenant relationship management  -  SaaS solution offered by Welcome Workdays through the owner of the building.<\/span><\/li>\n<li style=\"font-weight: 400;\" aria-level=\"1\"><span style=\"font-weight: 400;\">\"User\" refers to any person or entity that accesses and uses the Service.<\/span><\/li>\n<li style=\"font-weight: 400;\" aria-level=\"1\"><span style=\"font-weight: 400;\">\"Account\" refers to the unique registration that allows access to the Service.<\/span><\/li>\n<li style=\"font-weight: 400;\" aria-level=\"1\"><span style=\"font-weight: 400;\">\"Data\" refers to any information uploaded, stored, or processed through the Service.<\/span><\/li>\n<\/ul>\n<h3><strong>2. <b>Access to the Service<\/b><\/strong><\/h3>\n<ul>\n<li style=\"font-weight: 400;\" aria-level=\"1\"><span style=\"font-weight: 400;\">The user is responsible for maintaining the confidentiality of the login credentials of his account and is solely responsible for all activity that occurs under the account.<\/span><\/li>\n<li style=\"font-weight: 400;\" aria-level=\"1\"><span style=\"font-weight: 400;\">The user agrees not to give access to their account to third parties or allow others to use their account.<\/span><\/li>\n<\/ul>\n<h3><strong>3. <b>User data<\/b><\/strong><\/h3>\n<ul>\n<li style=\"font-weight: 400;\" aria-level=\"1\"><span style=\"font-weight: 400;\">The user retains full ownership and control over all data uploaded to the service.<\/span><\/li>\n<li style=\"font-weight: 400;\" aria-level=\"1\"><span style=\"font-weight: 400;\">Welcome Workdays will only use, modify or share user data in accordance to applicable law\/fulfill the agreements and in accordance with the companies Privacy Policy.<\/span><\/li>\n<\/ul>\n<h3><strong>4. <b>Use of the Service<\/b><\/strong><\/h3>\n<ul>\n<li style=\"font-weight: 400;\" aria-level=\"1\">\n<ul>\n<li style=\"font-weight: 400;\" aria-level=\"1\"><span style=\"font-weight: 400;\">The User agrees to use the Service in accordance with applicable laws, regulations and these Terms.<\/span><\/li>\n<li style=\"font-weight: 400;\" aria-level=\"1\"><span style=\"font-weight: 400;\">The User shall not misuse the Service, including but not limited to:<\/span>\n<ul>\n<li style=\"font-weight: 400;\" aria-level=\"2\"><span style=\"font-weight: 400;\">Use the Service for any illegal purpose or activity.<\/span><\/li>\n<li style=\"font-weight: 400;\" aria-level=\"2\"><span style=\"font-weight: 400;\">Attempt to gain unauthorized access to a building, the systems or data related to the Service or building.<\/span><\/li>\n<li style=\"font-weight: 400;\" aria-level=\"2\"><span style=\"font-weight: 400;\">Interfere with or impair the operation of the Service, including through the use of malware, viruses, or similar technologies.<\/span><\/li>\n<li style=\"font-weight: 400;\" aria-level=\"2\"><span style=\"font-weight: 400;\">Engage in actions that result in overload or negative impact on the service's infrastructure or performance.<\/span><\/li>\n<li style=\"font-weight: 400;\" aria-level=\"2\"><span style=\"font-weight: 400;\">Exercise actions that violate the rights of others, including intellectual property rights, privacy or other legal rights.<\/span><\/li>\n<li style=\"font-weight: 400;\" aria-level=\"2\"><span style=\"font-weight: 400;\">Misuse or infringe any intellectual property rights associated with the Service, including copyrights, trademarks, patents, or other rights of Welcome Workdays or third parties.<\/span><\/li>\n<\/ul>\n<\/li>\n<\/ul>\n<\/li>\n<\/ul>\n<h3><strong>5. <b>Disclaimer<\/b><\/strong><\/h3>\n<ul>\n<li style=\"font-weight: 400;\" aria-level=\"1\"><span style=\"font-weight: 400;\">Welcome Workdays disclaims any liability for any loss, damage or costs incurred as a result of a user's use of the service.<\/span><\/li>\n<li style=\"font-weight: 400;\" aria-level=\"1\"><span style=\"font-weight: 400;\">Welcome Workdays makes no representations or warranties as to the accuracy, reliability, or fitness of the Service for any particular purpose.<\/span><\/li>\n<li style=\"font-weight: 400;\" aria-level=\"1\"><span style=\"font-weight: 400;\">Welcome Workdays have no liability for guest who the User have let into the building.<\/span><\/li>\n<\/ul>\n<h3><strong>6. <b>Account suspension<\/b><\/strong><\/h3>\n<ul>\n<li><span style=\"font-weight: 400;\">Welcome Workdays reserves the right to terminate a user's access to the Service effective immediately in cases of serious violation of these Terms, including misuse of the Service or misuse of intellectual property rights, and allowing unauthorised persons into the building.<\/span><\/li>\n<\/ul>\n<h3><strong>7. <b>Changes to the Terms<\/b><\/strong><\/h3>\n<ul>\n<li style=\"font-weight: 400;\" aria-level=\"1\"><span style=\"font-weight: 400;\">Welcome Workdays reserves the right to modify these Terms upon reasonable notice to the user. For minor changes such notifications will not be distributed.<\/span><\/li>\n<li style=\"font-weight: 400;\" aria-level=\"1\"><span style=\"font-weight: 400;\">Continued use of the Service after the changes take effect will constitute the User's acceptance of the revised Terms.<\/span><\/li>\n<\/ul>\n<\/div>\n\n\n<p><\/p>","protected":false},"excerpt":{"rendered":"<p>Vilk\u00e5r for bruk Siste oppdatert: 19.08.2025 Version 1.1 \u00a0 Disse vilk\u00e5rene danner grunnlaget for avtalen mellom brukeren og Welcome Workdays ang\u00e5ende bruken av tjenesten. Ved \u00e5 bruke tjenesten godtar brukeren \u00e5 v\u00e6re bundet av disse vilk\u00e5rene. 1. Definisjoner &laquo;Service&raquo; refererer til Leietakerplattformen &#8211;\u00a0 SaaS-l\u00f8sningen som tilbys av Welcome Workdays gjennom eieren av bygget. &laquo;Bruker&raquo; refererer [&hellip;]<\/p>\n","protected":false},"author":1,"featured_media":0,"parent":0,"menu_order":0,"comment_status":"closed","ping_status":"closed","template":"","meta":{"_acf_changed":false,"footnotes":""},"class_list":["post-22720","page","type-page","status-publish","hentry"],"acf":[],"_links":{"self":[{"href":"https:\/\/welcomeworkdays.com\/en\/wp-json\/wp\/v2\/pages\/22720","targetHints":{"allow":["GET"]}}],"collection":[{"href":"https:\/\/welcomeworkdays.com\/en\/wp-json\/wp\/v2\/pages"}],"about":[{"href":"https:\/\/welcomeworkdays.com\/en\/wp-json\/wp\/v2\/types\/page"}],"author":[{"embeddable":true,"href":"https:\/\/welcomeworkdays.com\/en\/wp-json\/wp\/v2\/users\/1"}],"replies":[{"embeddable":true,"href":"https:\/\/welcomeworkdays.com\/en\/wp-json\/wp\/v2\/comments?post=22720"}],"version-history":[{"count":5,"href":"https:\/\/welcomeworkdays.com\/en\/wp-json\/wp\/v2\/pages\/22720\/revisions"}],"predecessor-version":[{"id":27009,"href":"https:\/\/welcomeworkdays.com\/en\/wp-json\/wp\/v2\/pages\/22720\/revisions\/27009"}],"wp:attachment":[{"href":"https:\/\/welcomeworkdays.com\/en\/wp-json\/wp\/v2\/media?parent=22720"}],"curies":[{"name":"wp","href":"https:\/\/api.w.org\/{rel}","templated":true}]}}